{"id":11428,"date":"2022-04-16T12:15:57","date_gmt":"2022-04-16T10:15:57","guid":{"rendered":"https:\/\/www.weingut-waldhof.de\/weinhelpshop\/?post_type=product&#038;p=11428"},"modified":"2026-04-06T09:49:02","modified_gmt":"2026-04-06T07:49:02","slug":"nr-61cuvee","status":"publish","type":"product","link":"https:\/\/www.weingut-waldhof.de\/weinhelpshop\/produkt\/nr-61cuvee\/","title":{"rendered":"<br>Nr. 59<br><i><font><font color = #ff00ff>C<\/font>hristina <font><font color = #ff00ff>S<\/font>chwarz<\/i> Cuv\u00e9e<br>K\u00f6niginnenwein<br>"},"content":{"rendered":"<table border=\"0\" width=\"'60%'\" cellspacing=\"0\" cellpadding=\"0\" align=\"'left'\">\n<tbody>\n<tr>\n<td width=\"'53%'\">Artikelnummer:<\/td>\n<td width=\"'47%'\"><strong>59<\/strong><\/td>\n<\/tr>\n<tr>\n<td>Jahrgang<\/td>\n<td><strong>2025<\/strong><\/td>\n<\/tr>\n<tr>\n<td>Inhalt<\/td>\n<td><strong>0,75 l<\/strong><\/td>\n<\/tr>\n<tr align=\"LEFT\">\n<td>Preis\/Ltr.<\/td>\n<td><strong>7,20 \u20ac<\/strong><\/td>\n<\/tr>\n<tr>\n<td>Weinart:<\/td>\n<td><strong>Wei\u00dfwein<\/strong><\/td>\n<\/tr>\n<tr>\n<td><\/td>\n<td><\/td>\n<\/tr>\n<tr>\n<td>Qualit\u00e4tsstufe<\/td>\n<td><strong>Qualit\u00e4tswein<\/strong><\/td>\n<\/tr>\n<tr>\n<td>Rebsorte<\/td>\n<td><\/td>\n<\/tr>\n<tr>\n<td>Ausbau<\/td>\n<td><\/td>\n<\/tr>\n<tr>\n<td>Restzuckergehalt<\/td>\n<td><strong>15g\/l<\/strong><\/td>\n<\/tr>\n<tr>\n<td>Alkoholgehalt<\/td>\n<td><strong>12,5 %<\/strong><\/td>\n<\/tr>\n<tr>\n<td>Ursprungsland:<\/td>\n<td><strong>Deutschland<\/strong><\/td>\n<\/tr>\n<tr>\n<td>enth\u00e4lt Allergene:<\/td>\n<td><strong>Sulfite<\/strong><\/td>\n<\/tr>\n<\/tbody>\n<\/table>\n","protected":false},"excerpt":{"rendered":"<p>Artikelnummer: 59 Jahrgang 2025 Inhalt 0,75 l Preis\/Ltr. 7,20 \u20ac Weinart: Wei\u00dfwein Qualit\u00e4tsstufe Qualit\u00e4tswein Rebsorte Ausbau Restzuckergehalt 15g\/l Alkoholgehalt 12,5 % Ursprungsland: Deutschland enth\u00e4lt Allergene: Sulfite<\/p>\n","protected":false},"featured_media":11729,"template":"","meta":[],"product_brand":[],"product_cat":[42,19],"product_tag":[],"class_list":{"0":"post-11428","1":"product","2":"type-product","3":"status-publish","4":"has-post-thumbnail","6":"product_cat-qualitaetsweine","7":"product_cat-weissweine","9":"first","10":"instock","11":"taxable","12":"shipping-taxable","13":"purchasable","14":"product-type-simple"},"_links":{"self":[{"href":"https:\/\/www.weingut-waldhof.de\/weinhelpshop\/wp-json\/wp\/v2\/product\/11428","targetHints":{"allow":["GET"]}}],"collection":[{"href":"https:\/\/www.weingut-waldhof.de\/weinhelpshop\/wp-json\/wp\/v2\/product"}],"about":[{"href":"https:\/\/www.weingut-waldhof.de\/weinhelpshop\/wp-json\/wp\/v2\/types\/product"}],"wp:featuredmedia":[{"embeddable":true,"href":"https:\/\/www.weingut-waldhof.de\/weinhelpshop\/wp-json\/wp\/v2\/media\/11729"}],"wp:attachment":[{"href":"https:\/\/www.weingut-waldhof.de\/weinhelpshop\/wp-json\/wp\/v2\/media?parent=11428"}],"wp:term":[{"taxonomy":"product_brand","embeddable":true,"href":"https:\/\/www.weingut-waldhof.de\/weinhelpshop\/wp-json\/wp\/v2\/product_brand?post=11428"},{"taxonomy":"product_cat","embeddable":true,"href":"https:\/\/www.weingut-waldhof.de\/weinhelpshop\/wp-json\/wp\/v2\/product_cat?post=11428"},{"taxonomy":"product_tag","embeddable":true,"href":"https:\/\/www.weingut-waldhof.de\/weinhelpshop\/wp-json\/wp\/v2\/product_tag?post=11428"}],"curies":[{"name":"wp","href":"https:\/\/api.w.org\/{rel}","templated":true}]}}