{"id":140,"date":"2018-09-10T13:01:43","date_gmt":"2018-09-10T11:01:43","guid":{"rendered":"https:\/\/www.weingut-waldhof.de\/weinhelpshop\/?post_type=product&#038;p=140"},"modified":"2026-04-09T07:20:46","modified_gmt":"2026-04-09T05:20:46","slug":"nr-452016erbraunweiler-michaeliskapellerieslingqualitaetsweintrocken","status":"publish","type":"product","link":"https:\/\/www.weingut-waldhof.de\/weinhelpshop\/produkt\/nr-452016erbraunweiler-michaeliskapellerieslingqualitaetsweintrocken\/","title":{"rendered":"<br>Nr. 48<br>Riesling<br>Qualit\u00e4tswein<br>trocken"},"content":{"rendered":"<table border=\"0\" width=\"'60%'\" cellspacing=\"0\" cellpadding=\"0\" align=\"'left'\">\n<tbody>\n<tr>\n<td width=\"'53%'\">Artikelnummer:<\/td>\n<td width=\"'47%'\"><strong>48<\/strong><\/td>\n<\/tr>\n<tr>\n<td>Jahrgang<\/td>\n<td><strong>2025<\/strong><\/td>\n<\/tr>\n<tr>\n<td>Inhalt<\/td>\n<td><strong>0,75 l<\/strong><\/td>\n<\/tr>\n<tr align=\"LEFT\">\n<td>Preis\/Ltr.<\/td>\n<td><strong>\u00a06,67 \u20ac<\/strong><\/td>\n<\/tr>\n<tr>\n<td>Weinart:<\/td>\n<td><strong>Wei\u00dfwein<\/strong><\/td>\n<\/tr>\n<tr>\n<td>Lage<\/td>\n<td><strong>Mandeler Schlo\u00dfberg<\/strong><\/td>\n<\/tr>\n<tr>\n<td>Qualit\u00e4tsstufe<\/td>\n<td><strong>Qualit\u00e4tswein<\/strong><\/td>\n<\/tr>\n<tr>\n<td>Rebsorte<\/td>\n<td><strong>Riesling<\/strong><\/td>\n<\/tr>\n<tr>\n<td>Ausbau<\/td>\n<td><strong>trocken<\/strong><\/td>\n<\/tr>\n<tr>\n<td>Restzuckergehalt<\/td>\n<td><strong>8g\/l<\/strong><\/td>\n<\/tr>\n<tr>\n<td>Alkoholgehalt<\/td>\n<td><strong>11,0 %<\/strong><\/td>\n<\/tr>\n<tr>\n<td>Ursprungsland:<\/td>\n<td><strong>Deutschland<\/strong><\/td>\n<\/tr>\n<tr>\n<td>enth\u00e4lt Allergene:<\/td>\n<td><strong>Sulfite<\/strong><\/td>\n<\/tr>\n<\/tbody>\n<\/table>\n","protected":false},"excerpt":{"rendered":"<p>Artikelnummer: 48 Jahrgang 2025 Inhalt 0,75 l Preis\/Ltr. \u00a06,67 \u20ac Weinart: Wei\u00dfwein Lage Mandeler Schlo\u00dfberg Qualit\u00e4tsstufe Qualit\u00e4tswein Rebsorte Riesling Ausbau trocken Restzuckergehalt 8g\/l Alkoholgehalt 11,0 % Ursprungsland: Deutschland enth\u00e4lt Allergene: Sulfite<\/p>\n","protected":false},"featured_media":11723,"template":"","meta":[],"product_brand":[],"product_cat":[42,19],"product_tag":[],"class_list":{"0":"post-140","1":"product","2":"type-product","3":"status-publish","4":"has-post-thumbnail","6":"product_cat-qualitaetsweine","7":"product_cat-weissweine","9":"first","10":"instock","11":"taxable","12":"shipping-taxable","13":"purchasable","14":"product-type-simple"},"_links":{"self":[{"href":"https:\/\/www.weingut-waldhof.de\/weinhelpshop\/wp-json\/wp\/v2\/product\/140","targetHints":{"allow":["GET"]}}],"collection":[{"href":"https:\/\/www.weingut-waldhof.de\/weinhelpshop\/wp-json\/wp\/v2\/product"}],"about":[{"href":"https:\/\/www.weingut-waldhof.de\/weinhelpshop\/wp-json\/wp\/v2\/types\/product"}],"wp:featuredmedia":[{"embeddable":true,"href":"https:\/\/www.weingut-waldhof.de\/weinhelpshop\/wp-json\/wp\/v2\/media\/11723"}],"wp:attachment":[{"href":"https:\/\/www.weingut-waldhof.de\/weinhelpshop\/wp-json\/wp\/v2\/media?parent=140"}],"wp:term":[{"taxonomy":"product_brand","embeddable":true,"href":"https:\/\/www.weingut-waldhof.de\/weinhelpshop\/wp-json\/wp\/v2\/product_brand?post=140"},{"taxonomy":"product_cat","embeddable":true,"href":"https:\/\/www.weingut-waldhof.de\/weinhelpshop\/wp-json\/wp\/v2\/product_cat?post=140"},{"taxonomy":"product_tag","embeddable":true,"href":"https:\/\/www.weingut-waldhof.de\/weinhelpshop\/wp-json\/wp\/v2\/product_tag?post=140"}],"curies":[{"name":"wp","href":"https:\/\/api.w.org\/{rel}","templated":true}]}}