{"id":188,"date":"2018-09-10T15:41:45","date_gmt":"2018-09-10T13:41:45","guid":{"rendered":"https:\/\/www.weingut-waldhof.de\/weinhelpshop\/?post_type=product&#038;p=188"},"modified":"2025-10-27T21:21:31","modified_gmt":"2025-10-27T19:21:31","slug":"nr-67grauer-burgunderqualitaetsweinfeinherb","status":"publish","type":"product","link":"https:\/\/www.weingut-waldhof.de\/weinhelpshop\/produkt\/nr-67grauer-burgunderqualitaetsweinfeinherb\/","title":{"rendered":"<br>Nr. 25<br>Grauer Burgunder*<br>Qualit\u00e4tswein<br>feinherb"},"content":{"rendered":"<table border=\"0\" width=\"'60%'\" cellspacing=\"0\" cellpadding=\"0\" align=\"'left'\">\n<tbody>\n<tr>\n<td width=\"'53%'\">Artikelnummer:<\/td>\n<td width=\"'47%'\"><strong>25<\/strong><\/td>\n<\/tr>\n<tr>\n<td>Jahrgang<\/td>\n<td><strong>2024<\/strong><\/td>\n<\/tr>\n<tr>\n<td>Inhalt<\/td>\n<td><strong>0,75 l<\/strong><\/td>\n<\/tr>\n<tr align=\"LEFT\">\n<td>Preis\/Ltr.<\/td>\n<td><strong>6,67 \u20ac<\/strong><\/td>\n<\/tr>\n<tr>\n<td>Weinart:<\/td>\n<td><strong>Wei\u00dfwein<\/strong><\/td>\n<\/tr>\n<tr>\n<td>Lage<\/td>\n<td><\/td>\n<\/tr>\n<tr>\n<td>Qualit\u00e4tsstufe<\/td>\n<td><strong>Qualit\u00e4tswein<\/strong><\/td>\n<\/tr>\n<tr>\n<td>Rebsorte<\/td>\n<td><strong>Grauer Burgunder<\/strong><\/td>\n<\/tr>\n<tr>\n<td>Ausbau<\/td>\n<td><strong>feinherb<\/strong><\/td>\n<\/tr>\n<tr>\n<td>Restzuckergehalt<\/td>\n<td><strong>9g\/l<\/strong><\/td>\n<\/tr>\n<tr>\n<td>Alkoholgehalt<\/td>\n<td><strong>13,0 %<\/strong><\/td>\n<\/tr>\n<tr>\n<td>Ursprungsland:<\/td>\n<td><strong>Deutschland<\/strong><\/td>\n<\/tr>\n<tr>\n<td>enth\u00e4lt Allergene:<\/td>\n<td><strong>Sulfite<\/strong><\/td>\n<\/tr>\n<\/tbody>\n<\/table>\n<p>* Zukauf von befreundeten Winzern<\/p>\n","protected":false},"excerpt":{"rendered":"<p>Artikelnummer: 25 Jahrgang 2024 Inhalt 0,75 l Preis\/Ltr. 6,67 \u20ac Weinart: Wei\u00dfwein Lage Qualit\u00e4tsstufe Qualit\u00e4tswein Rebsorte Grauer Burgunder Ausbau feinherb Restzuckergehalt 9g\/l Alkoholgehalt 13,0 % Ursprungsland: Deutschland enth\u00e4lt Allergene: Sulfite * Zukauf von befreundeten Winzern<\/p>\n","protected":false},"featured_media":11846,"template":"","meta":[],"product_brand":[],"product_cat":[42,19],"product_tag":[],"class_list":{"0":"post-188","1":"product","2":"type-product","3":"status-publish","4":"has-post-thumbnail","6":"product_cat-qualitaetsweine","7":"product_cat-weissweine","9":"first","10":"instock","11":"taxable","12":"shipping-taxable","13":"purchasable","14":"product-type-simple"},"_links":{"self":[{"href":"https:\/\/www.weingut-waldhof.de\/weinhelpshop\/wp-json\/wp\/v2\/product\/188","targetHints":{"allow":["GET"]}}],"collection":[{"href":"https:\/\/www.weingut-waldhof.de\/weinhelpshop\/wp-json\/wp\/v2\/product"}],"about":[{"href":"https:\/\/www.weingut-waldhof.de\/weinhelpshop\/wp-json\/wp\/v2\/types\/product"}],"wp:featuredmedia":[{"embeddable":true,"href":"https:\/\/www.weingut-waldhof.de\/weinhelpshop\/wp-json\/wp\/v2\/media\/11846"}],"wp:attachment":[{"href":"https:\/\/www.weingut-waldhof.de\/weinhelpshop\/wp-json\/wp\/v2\/media?parent=188"}],"wp:term":[{"taxonomy":"product_brand","embeddable":true,"href":"https:\/\/www.weingut-waldhof.de\/weinhelpshop\/wp-json\/wp\/v2\/product_brand?post=188"},{"taxonomy":"product_cat","embeddable":true,"href":"https:\/\/www.weingut-waldhof.de\/weinhelpshop\/wp-json\/wp\/v2\/product_cat?post=188"},{"taxonomy":"product_tag","embeddable":true,"href":"https:\/\/www.weingut-waldhof.de\/weinhelpshop\/wp-json\/wp\/v2\/product_tag?post=188"}],"curies":[{"name":"wp","href":"https:\/\/api.w.org\/{rel}","templated":true}]}}