{"id":213,"date":"2018-09-10T17:48:50","date_gmt":"2018-09-10T15:48:50","guid":{"rendered":"https:\/\/www.weingut-waldhof.de\/weinhelpshop\/?post_type=product&#038;p=213"},"modified":"2026-04-06T10:04:13","modified_gmt":"2026-04-06T08:04:13","slug":"nr-94waldhofs-seccofruchtiger-perlwein","status":"publish","type":"product","link":"https:\/\/www.weingut-waldhof.de\/weinhelpshop\/produkt\/nr-94waldhofs-seccofruchtiger-perlwein\/","title":{"rendered":"<br>Nr. 94<br>Waldhof&#8217;s secco<br>fruchtiger Perlwein"},"content":{"rendered":"<table border=\"0\" width=\"'60%'\" cellspacing=\"0\" cellpadding=\"0\" align=\"'left'\">\n<tbody>\n<tr>\n<td width=\"'53%'\">Artikelnummer:<\/td>\n<td width=\"'47%'\"><strong>94<\/strong><\/td>\n<\/tr>\n<tr>\n<td>Jahrgang<\/td>\n<td><\/td>\n<\/tr>\n<tr>\n<td>Inhalt<\/td>\n<td><strong>0,75 l<\/strong><\/td>\n<\/tr>\n<tr align=\"LEFT\">\n<td>Preis\/Ltr.<\/td>\n<td><strong>7,73 \u20ac<\/strong><\/td>\n<\/tr>\n<tr>\n<td>Weinart:<\/td>\n<td><strong>Perlwein mit zugesetzter Kohlens\u00e4ure<\/strong><\/td>\n<\/tr>\n<tr>\n<td>Lage<\/td>\n<td><\/td>\n<\/tr>\n<tr>\n<td>Qualit\u00e4tsstufe<\/td>\n<td><\/td>\n<\/tr>\n<tr>\n<td>Rebsorte<\/td>\n<td><\/td>\n<\/tr>\n<tr>\n<td>Ausbau<\/td>\n<td>mit zugesetzter Kohlens\u00e4ure<\/td>\n<\/tr>\n<tr>\n<td>Restzuckergehalt<\/td>\n<td><\/td>\n<\/tr>\n<tr>\n<td>Alkoholgehalt<\/td>\n<td><strong>10,5 %<\/strong><\/td>\n<\/tr>\n<tr>\n<td>Ursprungsland:<\/td>\n<td><strong>Deutschland<\/strong><\/td>\n<\/tr>\n<tr>\n<td>enth\u00e4lt Allergene:<\/td>\n<td><strong>Sulfite<\/strong><\/td>\n<\/tr>\n<\/tbody>\n<\/table>\n","protected":false},"excerpt":{"rendered":"<p>Artikelnummer: 94 Jahrgang Inhalt 0,75 l Preis\/Ltr. 7,73 \u20ac Weinart: Perlwein mit zugesetzter Kohlens\u00e4ure Lage Qualit\u00e4tsstufe Rebsorte Ausbau mit zugesetzter Kohlens\u00e4ure Restzuckergehalt Alkoholgehalt 10,5 % Ursprungsland: Deutschland enth\u00e4lt Allergene: Sulfite<\/p>\n","protected":false},"featured_media":11897,"template":"","meta":[],"product_brand":[],"product_cat":[17],"product_tag":[],"class_list":{"0":"post-213","1":"product","2":"type-product","3":"status-publish","4":"has-post-thumbnail","6":"product_cat-sekte-seccos","8":"first","9":"instock","10":"taxable","11":"shipping-taxable","12":"purchasable","13":"product-type-simple"},"_links":{"self":[{"href":"https:\/\/www.weingut-waldhof.de\/weinhelpshop\/wp-json\/wp\/v2\/product\/213","targetHints":{"allow":["GET"]}}],"collection":[{"href":"https:\/\/www.weingut-waldhof.de\/weinhelpshop\/wp-json\/wp\/v2\/product"}],"about":[{"href":"https:\/\/www.weingut-waldhof.de\/weinhelpshop\/wp-json\/wp\/v2\/types\/product"}],"wp:featuredmedia":[{"embeddable":true,"href":"https:\/\/www.weingut-waldhof.de\/weinhelpshop\/wp-json\/wp\/v2\/media\/11897"}],"wp:attachment":[{"href":"https:\/\/www.weingut-waldhof.de\/weinhelpshop\/wp-json\/wp\/v2\/media?parent=213"}],"wp:term":[{"taxonomy":"product_brand","embeddable":true,"href":"https:\/\/www.weingut-waldhof.de\/weinhelpshop\/wp-json\/wp\/v2\/product_brand?post=213"},{"taxonomy":"product_cat","embeddable":true,"href":"https:\/\/www.weingut-waldhof.de\/weinhelpshop\/wp-json\/wp\/v2\/product_cat?post=213"},{"taxonomy":"product_tag","embeddable":true,"href":"https:\/\/www.weingut-waldhof.de\/weinhelpshop\/wp-json\/wp\/v2\/product_tag?post=213"}],"curies":[{"name":"wp","href":"https:\/\/api.w.org\/{rel}","templated":true}]}}