{"id":224,"date":"2018-09-10T18:18:13","date_gmt":"2018-09-10T16:18:13","guid":{"rendered":"https:\/\/www.weingut-waldhof.de\/weinhelpshop\/?post_type=product&#038;p=224"},"modified":"2026-04-07T19:10:16","modified_gmt":"2026-04-07T17:10:16","slug":"nr-53weinbergs-pfirsich-likoer","status":"publish","type":"product","link":"https:\/\/www.weingut-waldhof.de\/weinhelpshop\/produkt\/nr-53weinbergs-pfirsich-likoer\/","title":{"rendered":"<br>Nr. 53<br>Weinbergs-Pfirsich-Lik\u00f6r*"},"content":{"rendered":"<table border=\"0\" width=\"'60%'\" cellspacing=\"0\" cellpadding=\"0\" align=\"'left'\">\n<tbody>\n<tr>\n<td width=\"'53%'\">Artikelnummer:<\/td>\n<td width=\"'47%'\"><strong>53<\/strong><\/td>\n<\/tr>\n<tr>\n<td>Jahrgang<\/td>\n<td><\/td>\n<\/tr>\n<tr>\n<td>Inhalt<\/td>\n<td><strong>\u00a00,5 l<\/strong><\/td>\n<\/tr>\n<tr align=\"LEFT\">\n<td>Preis\/Ltr.<\/td>\n<td><strong>20,80 \u20ac<\/strong><\/td>\n<\/tr>\n<tr>\n<td>Weinart:<\/td>\n<td><strong>F\u00fcr Genie\u00dfer<\/strong><\/td>\n<\/tr>\n<tr>\n<td>Lage<\/td>\n<td><\/td>\n<\/tr>\n<tr>\n<td>Qualit\u00e4tsstufe<\/td>\n<td><\/td>\n<\/tr>\n<tr>\n<td>Rebsorte<\/td>\n<td><\/td>\n<\/tr>\n<tr>\n<td>Ausbau<\/td>\n<td><\/td>\n<\/tr>\n<tr>\n<td>Restzuckergehalt<\/td>\n<td><\/td>\n<\/tr>\n<tr>\n<td>Alkoholgehalt<\/td>\n<td><strong>25,0 %<\/strong><\/td>\n<\/tr>\n<tr>\n<td>Ursprungsland:<\/td>\n<td><strong>Deutschland<\/strong><\/td>\n<\/tr>\n<tr>\n<td>enth\u00e4lt Allergene:<\/td>\n<td><\/td>\n<\/tr>\n<\/tbody>\n<\/table>\n<p>* Zukauf von befreundeten Winzern<\/p>\n","protected":false},"excerpt":{"rendered":"<p>Artikelnummer: 53 Jahrgang Inhalt \u00a00,5 l Preis\/Ltr. 20,80 \u20ac Weinart: F\u00fcr Genie\u00dfer Lage Qualit\u00e4tsstufe Rebsorte Ausbau Restzuckergehalt Alkoholgehalt 25,0 % Ursprungsland: Deutschland enth\u00e4lt Allergene: * Zukauf von befreundeten Winzern<\/p>\n","protected":false},"featured_media":11949,"template":"","meta":[],"product_brand":[],"product_cat":[40],"product_tag":[],"class_list":{"0":"post-224","1":"product","2":"type-product","3":"status-publish","4":"has-post-thumbnail","6":"product_cat-fuergeniesser","8":"first","9":"instock","10":"taxable","11":"shipping-taxable","12":"purchasable","13":"product-type-simple"},"_links":{"self":[{"href":"https:\/\/www.weingut-waldhof.de\/weinhelpshop\/wp-json\/wp\/v2\/product\/224","targetHints":{"allow":["GET"]}}],"collection":[{"href":"https:\/\/www.weingut-waldhof.de\/weinhelpshop\/wp-json\/wp\/v2\/product"}],"about":[{"href":"https:\/\/www.weingut-waldhof.de\/weinhelpshop\/wp-json\/wp\/v2\/types\/product"}],"wp:featuredmedia":[{"embeddable":true,"href":"https:\/\/www.weingut-waldhof.de\/weinhelpshop\/wp-json\/wp\/v2\/media\/11949"}],"wp:attachment":[{"href":"https:\/\/www.weingut-waldhof.de\/weinhelpshop\/wp-json\/wp\/v2\/media?parent=224"}],"wp:term":[{"taxonomy":"product_brand","embeddable":true,"href":"https:\/\/www.weingut-waldhof.de\/weinhelpshop\/wp-json\/wp\/v2\/product_brand?post=224"},{"taxonomy":"product_cat","embeddable":true,"href":"https:\/\/www.weingut-waldhof.de\/weinhelpshop\/wp-json\/wp\/v2\/product_cat?post=224"},{"taxonomy":"product_tag","embeddable":true,"href":"https:\/\/www.weingut-waldhof.de\/weinhelpshop\/wp-json\/wp\/v2\/product_tag?post=224"}],"curies":[{"name":"wp","href":"https:\/\/api.w.org\/{rel}","templated":true}]}}